{"id":863,"date":"2025-08-25T20:05:19","date_gmt":"2025-08-25T20:05:19","guid":{"rendered":"https:\/\/robotics.colegiolossamanes.edu.co\/?page_id=863"},"modified":"2025-08-25T20:06:36","modified_gmt":"2025-08-25T20:06:36","slug":"noticias-del-area","status":"publish","type":"page","link":"https:\/\/robotics.colegiolossamanes.edu.co\/index.php\/noticias-del-area\/","title":{"rendered":"Noticias del \u00e1rea"},"content":{"rendered":"\n<p>Todas las noticias del \u00e1rea de rob\u00f3tica est\u00e1n en este lugar<\/p>\n","protected":false},"excerpt":{"rendered":"<p>Todas las noticias del \u00e1rea de rob\u00f3tica est\u00e1n en este lugar<\/p>\n","protected":false},"author":7,"featured_media":0,"parent":0,"menu_order":0,"comment_status":"closed","ping_status":"closed","template":"","meta":{"_kadence_starter_templates_imported_post":false,"_kad_post_transparent":"","_kad_post_title":"","_kad_post_layout":"","_kad_post_sidebar_id":"","_kad_post_content_style":"","_kad_post_vertical_padding":"","_kad_post_feature":"","_kad_post_feature_position":"","_kad_post_header":false,"_kad_post_footer":false,"footnotes":""},"class_list":["post-863","page","type-page","status-publish","hentry"],"_links":{"self":[{"href":"https:\/\/robotics.colegiolossamanes.edu.co\/index.php\/wp-json\/wp\/v2\/pages\/863","targetHints":{"allow":["GET"]}}],"collection":[{"href":"https:\/\/robotics.colegiolossamanes.edu.co\/index.php\/wp-json\/wp\/v2\/pages"}],"about":[{"href":"https:\/\/robotics.colegiolossamanes.edu.co\/index.php\/wp-json\/wp\/v2\/types\/page"}],"author":[{"embeddable":true,"href":"https:\/\/robotics.colegiolossamanes.edu.co\/index.php\/wp-json\/wp\/v2\/users\/7"}],"replies":[{"embeddable":true,"href":"https:\/\/robotics.colegiolossamanes.edu.co\/index.php\/wp-json\/wp\/v2\/comments?post=863"}],"version-history":[{"count":2,"href":"https:\/\/robotics.colegiolossamanes.edu.co\/index.php\/wp-json\/wp\/v2\/pages\/863\/revisions"}],"predecessor-version":[{"id":867,"href":"https:\/\/robotics.colegiolossamanes.edu.co\/index.php\/wp-json\/wp\/v2\/pages\/863\/revisions\/867"}],"wp:attachment":[{"href":"https:\/\/robotics.colegiolossamanes.edu.co\/index.php\/wp-json\/wp\/v2\/media?parent=863"}],"curies":[{"name":"wp","href":"https:\/\/api.w.org\/{rel}","templated":true}]}}